{"id":1782,"date":"2025-11-15T17:18:16","date_gmt":"2025-11-15T17:18:16","guid":{"rendered":"https:\/\/tbsenercom.com\/?page_id=1782"},"modified":"2025-12-26T16:26:10","modified_gmt":"2025-12-26T16:26:10","slug":"services","status":"publish","type":"page","link":"https:\/\/tbsenercom.com\/es\/services\/","title":{"rendered":"Nuestros Servicios"},"content":{"rendered":"<div data-elementor-type=\"wp-page\" data-elementor-id=\"1782\" class=\"elementor elementor-1782\">\n\t\t\t\t<div class=\"elementor-element elementor-element-49ff3aa animated-slow e-con-full e-flex elementor-invisible e-con e-parent\" data-id=\"49ff3aa\" data-element_type=\"container\" data-settings=\"{&quot;animation&quot;:&quot;fadeInDown&quot;,&quot;animation_delay&quot;:200}\">\n\t\t<div class=\"elementor-element elementor-element-cb25515 e-con-full e-flex e-con e-child\" data-id=\"cb25515\" data-element_type=\"container\">\n\t\t\t\t<div class=\"elementor-element elementor-element-a21d58f elementor-widget__width-initial elementor-widget-mobile__width-initial animated-slow elementor-invisible elementor-widget elementor-widget-image\" data-id=\"a21d58f\" data-element_type=\"widget\" data-settings=\"{&quot;_animation&quot;:&quot;slideInDown&quot;,&quot;_animation_delay&quot;:1000}\" data-widget_type=\"image.default\">\n\t\t\t\t\t\t\t\t\t\t\t\t\t\t\t<img fetchpriority=\"high\" decoding=\"async\" width=\"1024\" height=\"229\" src=\"https:\/\/tbsenercom.com\/wp-content\/uploads\/2025\/11\/logo-horizontal-scaled-e1763773838817-1024x229.png\" class=\"attachment-large size-large wp-image-540\" alt=\"\" srcset=\"https:\/\/tbsenercom.com\/wp-content\/uploads\/2025\/11\/logo-horizontal-scaled-e1763773838817-1024x229.png 1024w, https:\/\/tbsenercom.com\/wp-content\/uploads\/2025\/11\/logo-horizontal-scaled-e1763773838817-300x67.png 300w, https:\/\/tbsenercom.com\/wp-content\/uploads\/2025\/11\/logo-horizontal-scaled-e1763773838817-768x172.png 768w, https:\/\/tbsenercom.com\/wp-content\/uploads\/2025\/11\/logo-horizontal-scaled-e1763773838817-1536x344.png 1536w, https:\/\/tbsenercom.com\/wp-content\/uploads\/2025\/11\/logo-horizontal-scaled-e1763773838817-18x4.png 18w, https:\/\/tbsenercom.com\/wp-content\/uploads\/2025\/11\/logo-horizontal-scaled-e1763773838817.png 1886w\" sizes=\"(max-width: 1024px) 100vw, 1024px\" \/>\t\t\t\t\t\t\t\t\t\t\t\t\t\t\t<\/div>\n\t\t\t\t<div class=\"elementor-element elementor-element-98bd52a animated-slow elementor-invisible elementor-widget elementor-widget-heading\" data-id=\"98bd52a\" data-element_type=\"widget\" data-settings=\"{&quot;_animation&quot;:&quot;slideInUp&quot;,&quot;_animation_delay&quot;:1500}\" data-widget_type=\"heading.default\">\n\t\t\t\t\t<h2 class=\"elementor-heading-title elementor-size-default\">SOLUCIONES PARA DATA CENTER<\/h2>\t\t\t\t<\/div>\n\t\t\t\t<div class=\"elementor-element elementor-element-7ec8025 elementor-widget elementor-widget-text-editor\" data-id=\"7ec8025\" data-element_type=\"widget\" data-widget_type=\"text-editor.default\">\n\t\t\t\t\t\t\t\t\t<h4><strong>Es una empresa especializada en soluciones integrales en los sectores el\u00e9ctricos y de telecomunicaciones, orientada a garantizar la continuidad, eficiencia y seguridad de la operaci\u00f3n de cada uno de nuestros clientes. Nos caracteriza la precisi\u00f3n t\u00e9cnica, la responsabilidad en la ejecuci\u00f3n y la transparencia en cada etapa del proyecto.<\/strong><\/h4>\t\t\t\t\t\t\t\t<\/div>\n\t\t\t\t<\/div>\n\t\t<div class=\"elementor-element elementor-element-a2ff624 e-con-full e-flex e-con e-child\" data-id=\"a2ff624\" data-element_type=\"container\">\n\t\t<div class=\"elementor-element elementor-element-7079ba3 animated-slow e-flex e-con-boxed elementor-invisible e-con e-child\" data-id=\"7079ba3\" data-element_type=\"container\" data-settings=\"{&quot;animation&quot;:&quot;slideInDown&quot;,&quot;animation_delay&quot;:2000}\">\n\t\t\t\t\t<div class=\"e-con-inner\">\n\t\t\t\t<div class=\"elementor-element elementor-element-524ff00 elementor-widget__width-initial elementor-arrows-position-inside elementor-pagination-position-outside elementor-widget elementor-widget-image-carousel\" data-id=\"524ff00\" data-element_type=\"widget\" data-settings=\"{&quot;slides_to_show&quot;:&quot;1&quot;,&quot;navigation&quot;:&quot;both&quot;,&quot;autoplay&quot;:&quot;yes&quot;,&quot;pause_on_hover&quot;:&quot;yes&quot;,&quot;pause_on_interaction&quot;:&quot;yes&quot;,&quot;autoplay_speed&quot;:5000,&quot;infinite&quot;:&quot;yes&quot;,&quot;effect&quot;:&quot;slide&quot;,&quot;speed&quot;:500}\" data-widget_type=\"image-carousel.default\">\n\t\t\t\t\t\t\t<div class=\"elementor-image-carousel-wrapper swiper\" role=\"region\" aria-roledescription=\"carousel\" aria-label=\"Carrusel de im\u00e1genes\" dir=\"ltr\">\n\t\t\t<div class=\"elementor-image-carousel swiper-wrapper swiper-image-stretch\" aria-live=\"off\">\n\t\t\t\t\t\t\t\t<div class=\"swiper-slide\" role=\"group\" aria-roledescription=\"slide\" aria-label=\"1 de 4\"><figure class=\"swiper-slide-inner\"><img decoding=\"async\" class=\"swiper-slide-image\" src=\"https:\/\/tbsenercom.com\/wp-content\/uploads\/2025\/12\/data_center_1-930x620.jpg\" alt=\"data_center_1\" \/><\/figure><\/div><div class=\"swiper-slide\" role=\"group\" aria-roledescription=\"slide\" aria-label=\"2 de 4\"><figure class=\"swiper-slide-inner\"><img decoding=\"async\" class=\"swiper-slide-image\" src=\"https:\/\/tbsenercom.com\/wp-content\/uploads\/2025\/12\/data_center_2-930x620.jpg\" alt=\"data_center_2\" \/><\/figure><\/div><div class=\"swiper-slide\" role=\"group\" aria-roledescription=\"slide\" aria-label=\"3 de 4\"><figure class=\"swiper-slide-inner\"><img decoding=\"async\" class=\"swiper-slide-image\" src=\"https:\/\/tbsenercom.com\/wp-content\/uploads\/2025\/12\/data_center_4.jpg\" alt=\"data_center_4\" \/><\/figure><\/div><div class=\"swiper-slide\" role=\"group\" aria-roledescription=\"slide\" aria-label=\"4 de 4\"><figure class=\"swiper-slide-inner\"><img decoding=\"async\" class=\"swiper-slide-image\" src=\"https:\/\/tbsenercom.com\/wp-content\/uploads\/2025\/12\/data_center_5-930x620.jpg\" alt=\"xr:d:DAFTPbPTVt8:42,j:42519755833,t:22112914\" \/><\/figure><\/div>\t\t\t<\/div>\n\t\t\t\t\t\t\t\t\t\t\t\t<div class=\"elementor-swiper-button elementor-swiper-button-prev\" role=\"button\" tabindex=\"0\">\n\t\t\t\t\t\t<svg aria-hidden=\"true\" class=\"e-font-icon-svg e-eicon-chevron-left\" viewbox=\"0 0 1000 1000\" xmlns=\"http:\/\/www.w3.org\/2000\/svg\"><path d=\"M646 125C629 125 613 133 604 142L308 442C296 454 292 471 292 487 292 504 296 521 308 533L604 854C617 867 629 875 646 875 663 875 679 871 692 858 704 846 713 829 713 812 713 796 708 779 692 767L438 487 692 225C700 217 708 204 708 187 708 171 704 154 692 142 675 129 663 125 646 125Z\"><\/path><\/svg>\t\t\t\t\t<\/div>\n\t\t\t\t\t<div class=\"elementor-swiper-button elementor-swiper-button-next\" role=\"button\" tabindex=\"0\">\n\t\t\t\t\t\t<svg aria-hidden=\"true\" class=\"e-font-icon-svg e-eicon-chevron-right\" viewbox=\"0 0 1000 1000\" xmlns=\"http:\/\/www.w3.org\/2000\/svg\"><path d=\"M696 533C708 521 713 504 713 487 713 471 708 454 696 446L400 146C388 133 375 125 354 125 338 125 325 129 313 142 300 154 292 171 292 187 292 204 296 221 308 233L563 492 304 771C292 783 288 800 288 817 288 833 296 850 308 863 321 871 338 875 354 875 371 875 388 867 400 854L696 533Z\"><\/path><\/svg>\t\t\t\t\t<\/div>\n\t\t\t\t\n\t\t\t\t\t\t\t\t\t<div class=\"swiper-pagination\"><\/div>\n\t\t\t\t\t\t\t\t\t<\/div>\n\t\t\t\t\t\t<\/div>\n\t\t\t\t\t<\/div>\n\t\t\t\t<\/div>\n\t\t\t\t<\/div>\n\t\t\t\t<\/div>\n\t\t<div class=\"elementor-element elementor-element-6c3b756 e-flex e-con-boxed e-con e-parent\" data-id=\"6c3b756\" data-element_type=\"container\">\n\t\t\t\t\t<div class=\"e-con-inner\">\n\t\t\t\t<div class=\"elementor-element elementor-element-4a04d0c elementor-widget elementor-widget-spacer\" data-id=\"4a04d0c\" data-element_type=\"widget\" data-widget_type=\"spacer.default\">\n\t\t\t\t\t\t\t<div class=\"elementor-spacer\">\n\t\t\t<div class=\"elementor-spacer-inner\"><\/div>\n\t\t<\/div>\n\t\t\t\t\t\t<\/div>\n\t\t\t\t\t<\/div>\n\t\t\t\t<\/div>\n\t\t<div class=\"elementor-element elementor-element-ba2196c animated-slow e-flex e-con-boxed elementor-invisible e-con e-parent\" data-id=\"ba2196c\" data-element_type=\"container\" data-settings=\"{&quot;background_background&quot;:&quot;classic&quot;,&quot;animation&quot;:&quot;zoomIn&quot;,&quot;animation_delay&quot;:0}\">\n\t\t\t\t\t<div class=\"e-con-inner\">\n\t\t<div class=\"elementor-element elementor-element-12754ec e-con-full e-flex e-con e-child\" data-id=\"12754ec\" data-element_type=\"container\">\n\t\t\t\t<div class=\"elementor-element elementor-element-b8a1931 animated-slow elementor-invisible elementor-widget elementor-widget-heading\" data-id=\"b8a1931\" data-element_type=\"widget\" data-settings=\"{&quot;_animation&quot;:&quot;slideInDown&quot;,&quot;_animation_delay&quot;:2000}\" data-widget_type=\"heading.default\">\n\t\t\t\t\t<h2 class=\"elementor-heading-title elementor-size-default\">SERVICIOS<\/h2>\t\t\t\t<\/div>\n\t\t\t\t<\/div>\n\t\t<div class=\"elementor-element elementor-element-e028d53 e-con-full e-flex e-con e-child\" data-id=\"e028d53\" data-element_type=\"container\">\n\t\t\t\t<div class=\"elementor-element elementor-element-5c84ec8 elementor-widget elementor-widget-text-editor\" data-id=\"5c84ec8\" data-element_type=\"widget\" data-widget_type=\"text-editor.default\">\n\t\t\t\t\t\t\t\t\t<ul>\n \t<li>\n<h4 align=\"left\"><span style=\"color: #000000;\"><strong>Sistemas el\u00e9ctricos para cargas continuas y sensibles.<\/strong><\/span><\/h4>\n<\/li>\n \t<li>\n<h4 align=\"left\"><span style=\"color: #000000;\"><strong>Implementaci\u00f3n de\u00a0<span style=\"color: #ff0000;\">UPS, PDU, ATS<\/span>\u00a0y generadores con redundancia.<\/strong><\/span><\/h4>\n<\/li>\n \t<li>\n<h4 align=\"left\"><span style=\"color: #000000;\"><strong>Cableado estructurado y\u00a0fibra \u00f3ptica\u00a0bajo est\u00e1ndares internacionales.<\/strong><\/span><\/h4>\n<\/li>\n \t<li>\n<h4 align=\"left\"><span style=\"color: #000000;\"><strong>Redes de telecom de alta disponibilidad.<\/strong><\/span><\/h4>\n<\/li>\n \t<li>\n<h4 align=\"left\"><span style=\"color: #000000;\"><strong>Integraci\u00f3n total conforme a\u00a0<span style=\"color: #ff0000;\">ANSI\/TIA, IEEE, BICSI y NEC.<\/span><\/strong><\/span><\/h4>\n<\/li>\n<\/ul>\t\t\t\t\t\t\t\t<\/div>\n\t\t<div class=\"elementor-element elementor-element-f63f87d e-con-full e-flex e-con e-child\" data-id=\"f63f87d\" data-element_type=\"container\">\n\t\t\t\t<div class=\"elementor-element elementor-element-3265dd7 elementor-align-right animated-slow elementor-invisible elementor-widget elementor-widget-button\" data-id=\"3265dd7\" data-element_type=\"widget\" data-settings=\"{&quot;_animation&quot;:&quot;zoomIn&quot;}\" data-widget_type=\"button.default\">\n\t\t\t\t\t\t\t\t\t\t<a class=\"elementor-button elementor-button-link elementor-size-sm\" href=\"https:\/\/tbsenercom.com\/contact-us\/\">\n\t\t\t\t\t\t<span class=\"elementor-button-content-wrapper\">\n\t\t\t\t\t\t\t\t\t<span class=\"elementor-button-text\">CONT\u00c1CTANOS<\/span>\n\t\t\t\t\t<\/span>\n\t\t\t\t\t<\/a>\n\t\t\t\t\t\t\t\t<\/div>\n\t\t\t\t<\/div>\n\t\t\t\t<\/div>\n\t\t\t\t\t<\/div>\n\t\t\t\t<\/div>\n\t\t\t\t<\/div>","protected":false},"excerpt":{"rendered":"<p>DATA CENTER SOLUTIONS We are a company specializing in comprehensive solutions for the electrical and telecommunications sectors, focused on ensuring the continuity, efficiency, and security of each of our clients&#8217; operations. We are characterized by technical precision, responsible execution, and transparency at every stage of the project. SERVICES Electrical systems for continuous and sensitive loads.&hellip;&nbsp;<a href=\"https:\/\/tbsenercom.com\/es\/services\/\" rel=\"bookmark\"><span class=\"screen-reader-text\">Nuestros Servicios<\/span><\/a><\/p>","protected":false},"author":1,"featured_media":0,"parent":0,"menu_order":0,"comment_status":"closed","ping_status":"closed","template":"","meta":{"neve_meta_sidebar":"full-width","neve_meta_container":"contained","neve_meta_enable_content_width":"on","neve_meta_content_width":100,"neve_meta_title_alignment":"center","neve_meta_author_avatar":"","neve_post_elements_order":"","neve_meta_disable_header":"","neve_meta_disable_footer":"","neve_meta_disable_title":"on","_themeisle_gutenberg_block_has_review":false,"footnotes":""},"class_list":["post-1782","page","type-page","status-publish","hentry"],"_links":{"self":[{"href":"https:\/\/tbsenercom.com\/es\/wp-json\/wp\/v2\/pages\/1782","targetHints":{"allow":["GET"]}}],"collection":[{"href":"https:\/\/tbsenercom.com\/es\/wp-json\/wp\/v2\/pages"}],"about":[{"href":"https:\/\/tbsenercom.com\/es\/wp-json\/wp\/v2\/types\/page"}],"author":[{"embeddable":true,"href":"https:\/\/tbsenercom.com\/es\/wp-json\/wp\/v2\/users\/1"}],"replies":[{"embeddable":true,"href":"https:\/\/tbsenercom.com\/es\/wp-json\/wp\/v2\/comments?post=1782"}],"version-history":[{"count":474,"href":"https:\/\/tbsenercom.com\/es\/wp-json\/wp\/v2\/pages\/1782\/revisions"}],"predecessor-version":[{"id":3514,"href":"https:\/\/tbsenercom.com\/es\/wp-json\/wp\/v2\/pages\/1782\/revisions\/3514"}],"wp:attachment":[{"href":"https:\/\/tbsenercom.com\/es\/wp-json\/wp\/v2\/media?parent=1782"}],"curies":[{"name":"wp","href":"https:\/\/api.w.org\/{rel}","templated":true}]}}