{"id":2183,"date":"2025-11-16T11:16:56","date_gmt":"2025-11-16T11:16:56","guid":{"rendered":"https:\/\/tbsenercom.com\/?page_id=2183"},"modified":"2025-12-26T16:27:12","modified_gmt":"2025-12-26T16:27:12","slug":"values","status":"publish","type":"page","link":"https:\/\/tbsenercom.com\/es\/values\/","title":{"rendered":"Nuestros Valores"},"content":{"rendered":"<div data-elementor-type=\"wp-page\" data-elementor-id=\"2183\" class=\"elementor elementor-2183\">\n\t\t\t\t<div class=\"elementor-element elementor-element-49ff3aa animated-slow e-flex e-con-boxed elementor-invisible e-con e-parent\" data-id=\"49ff3aa\" data-element_type=\"container\" data-settings=\"{&quot;animation&quot;:&quot;fadeInDown&quot;,&quot;animation_delay&quot;:200}\">\n\t\t\t\t\t<div class=\"e-con-inner\">\n\t\t<div class=\"elementor-element elementor-element-a2ff624 e-con-full e-flex e-con e-child\" data-id=\"a2ff624\" data-element_type=\"container\">\n\t\t<div class=\"elementor-element elementor-element-7079ba3 e-con-full e-flex e-con e-child\" data-id=\"7079ba3\" data-element_type=\"container\">\n\t\t\t\t<div class=\"elementor-element elementor-element-fb77e14 elementor-widget elementor-widget-heading\" data-id=\"fb77e14\" data-element_type=\"widget\" data-widget_type=\"heading.default\">\n\t\t\t\t\t<h2 class=\"elementor-heading-title elementor-size-default\">MISI\u00d3N<\/h2>\t\t\t\t<\/div>\n\t\t\t\t<\/div>\n\t\t<div class=\"elementor-element elementor-element-ed48387 e-con-full e-flex e-con e-child\" data-id=\"ed48387\" data-element_type=\"container\">\n\t\t\t\t<div class=\"elementor-element elementor-element-98bd52a elementor-widget elementor-widget-heading\" data-id=\"98bd52a\" data-element_type=\"widget\" data-widget_type=\"heading.default\">\n\t\t\t\t\t<h2 class=\"elementor-heading-title elementor-size-default\">SOMOS \u00c9TICA Y COMPROMISO<\/h2>\t\t\t\t<\/div>\n\t\t\t\t<\/div>\n\t\t<div class=\"elementor-element elementor-element-69d6749 e-con-full e-flex e-con e-child\" data-id=\"69d6749\" data-element_type=\"container\">\n\t\t\t\t<div class=\"elementor-element elementor-element-fb80be5 elementor-widget elementor-widget-text-editor\" data-id=\"fb80be5\" data-element_type=\"widget\" data-widget_type=\"text-editor.default\">\n\t\t\t\t\t\t\t\t\t<h4 align=\"justify\"><strong><span style=\"color: #000000;\">\u00a0 Brindar soluciones integrales en los sectores el\u00e9ctricos y de telecomunicaciones, ejecutadas bajo altos est\u00e1ndares de seguridad, calidad t\u00e9cnica y cumplimiento. Nuestro objetivo es garantizar la continuidad y eficiencia de las operaciones de nuestros clientes, ofreciendo servicios confiables, transparentes y orientados a resultados sostenibles en el tiempo.<\/span><\/strong><\/h4>\t\t\t\t\t\t\t\t<\/div>\n\t\t\t\t<\/div>\n\t\t\t\t<\/div>\n\t\t<div class=\"elementor-element elementor-element-fab79ba e-con-full e-flex e-con e-child\" data-id=\"fab79ba\" data-element_type=\"container\">\n\t\t<div class=\"elementor-element elementor-element-cb25515 e-con-full e-flex e-con e-child\" data-id=\"cb25515\" data-element_type=\"container\">\n\t\t\t\t<div class=\"elementor-element elementor-element-6f16d76 elementor-pagination-position-inside elementor-widget__width-initial elementor-arrows-position-inside elementor-widget elementor-widget-image-carousel\" data-id=\"6f16d76\" data-element_type=\"widget\" data-settings=\"{&quot;slides_to_show&quot;:&quot;1&quot;,&quot;navigation&quot;:&quot;both&quot;,&quot;autoplay&quot;:&quot;yes&quot;,&quot;pause_on_hover&quot;:&quot;yes&quot;,&quot;pause_on_interaction&quot;:&quot;yes&quot;,&quot;autoplay_speed&quot;:5000,&quot;infinite&quot;:&quot;yes&quot;,&quot;effect&quot;:&quot;slide&quot;,&quot;speed&quot;:500}\" data-widget_type=\"image-carousel.default\">\n\t\t\t\t\t\t\t<div class=\"elementor-image-carousel-wrapper swiper\" role=\"region\" aria-roledescription=\"carousel\" aria-label=\"Carrusel de im\u00e1genes\" dir=\"ltr\">\n\t\t\t<div class=\"elementor-image-carousel swiper-wrapper\" aria-live=\"off\">\n\t\t\t\t\t\t\t\t<div class=\"swiper-slide\" role=\"group\" aria-roledescription=\"slide\" aria-label=\"1 of 6\"><figure class=\"swiper-slide-inner\"><img decoding=\"async\" class=\"swiper-slide-image\" src=\"https:\/\/tbsenercom.com\/wp-content\/uploads\/2025\/11\/unnamed.jpg\" alt=\"unnamed\" \/><\/figure><\/div><div class=\"swiper-slide\" role=\"group\" aria-roledescription=\"slide\" aria-label=\"2 of 6\"><figure class=\"swiper-slide-inner\"><img decoding=\"async\" class=\"swiper-slide-image\" src=\"https:\/\/tbsenercom.com\/wp-content\/uploads\/2025\/11\/premium_photo-1682148175448-8e418fcfbaa7-scaled.jpeg\" alt=\"premium_photo-1682148175448-8e418fcfbaa7\" \/><\/figure><\/div><div class=\"swiper-slide\" role=\"group\" aria-roledescription=\"slide\" aria-label=\"3 of 6\"><figure class=\"swiper-slide-inner\"><img decoding=\"async\" class=\"swiper-slide-image\" src=\"https:\/\/tbsenercom.com\/wp-content\/uploads\/2025\/11\/microsoft-ireland-datacenter-ups-john-byrne-1.webp\" alt=\"microsoft-ireland-datacenter-ups-john-byrne\" \/><\/figure><\/div><div class=\"swiper-slide\" role=\"group\" aria-roledescription=\"slide\" aria-label=\"4 of 6\"><figure class=\"swiper-slide-inner\"><img decoding=\"async\" class=\"swiper-slide-image\" src=\"https:\/\/tbsenercom.com\/wp-content\/uploads\/2025\/11\/8802d5e0dab6c7882fefb06fadafe02f1e3c15bc.jpeg\" alt=\"8802d5e0dab6c7882fefb06fadafe02f1e3c15bc\" \/><\/figure><\/div><div class=\"swiper-slide\" role=\"group\" aria-roledescription=\"slide\" aria-label=\"5 of 6\"><figure class=\"swiper-slide-inner\"><img decoding=\"async\" class=\"swiper-slide-image\" src=\"https:\/\/tbsenercom.com\/wp-content\/uploads\/2025\/11\/depositphotos_75473225-stock-photo-electrician-engineer-worker.webp\" alt=\"depositphotos_75473225-stock-photo-electrician-engineer-worker\" \/><\/figure><\/div><div class=\"swiper-slide\" role=\"group\" aria-roledescription=\"slide\" aria-label=\"6 of 6\"><figure class=\"swiper-slide-inner\"><img decoding=\"async\" class=\"swiper-slide-image\" src=\"https:\/\/tbsenercom.com\/wp-content\/uploads\/2025\/11\/109199583-electricity-control-room-and-rows-of-server-hardware-in-data-center-timelapse-hyperlapse-modern.jpg\" alt=\"Electricity control room and rows of server hardware in data center timelapse hyperlapse. Modern equipment in futuristic room\" \/><\/figure><\/div>\t\t\t<\/div>\n\t\t\t\t\t\t\t\t\t\t\t\t<div class=\"elementor-swiper-button elementor-swiper-button-prev\" role=\"button\" tabindex=\"0\">\n\t\t\t\t\t\t<svg aria-hidden=\"true\" class=\"e-font-icon-svg e-eicon-chevron-left\" viewbox=\"0 0 1000 1000\" xmlns=\"http:\/\/www.w3.org\/2000\/svg\"><path d=\"M646 125C629 125 613 133 604 142L308 442C296 454 292 471 292 487 292 504 296 521 308 533L604 854C617 867 629 875 646 875 663 875 679 871 692 858 704 846 713 829 713 812 713 796 708 779 692 767L438 487 692 225C700 217 708 204 708 187 708 171 704 154 692 142 675 129 663 125 646 125Z\"><\/path><\/svg>\t\t\t\t\t<\/div>\n\t\t\t\t\t<div class=\"elementor-swiper-button elementor-swiper-button-next\" role=\"button\" tabindex=\"0\">\n\t\t\t\t\t\t<svg aria-hidden=\"true\" class=\"e-font-icon-svg e-eicon-chevron-right\" viewbox=\"0 0 1000 1000\" xmlns=\"http:\/\/www.w3.org\/2000\/svg\"><path d=\"M696 533C708 521 713 504 713 487 713 471 708 454 696 446L400 146C388 133 375 125 354 125 338 125 325 129 313 142 300 154 292 171 292 187 292 204 296 221 308 233L563 492 304 771C292 783 288 800 288 817 288 833 296 850 308 863 321 871 338 875 354 875 371 875 388 867 400 854L696 533Z\"><\/path><\/svg>\t\t\t\t\t<\/div>\n\t\t\t\t\n\t\t\t\t\t\t\t\t\t<div class=\"swiper-pagination\"><\/div>\n\t\t\t\t\t\t\t\t\t<\/div>\n\t\t\t\t\t\t<\/div>\n\t\t\t\t<\/div>\n\t\t\t\t<\/div>\n\t\t\t\t\t<\/div>\n\t\t\t\t<\/div>\n\t\t<div class=\"elementor-element elementor-element-adac40a e-flex e-con-boxed e-con e-parent\" data-id=\"adac40a\" data-element_type=\"container\">\n\t\t\t\t\t<div class=\"e-con-inner\">\n\t\t\t\t<div class=\"elementor-element elementor-element-61c35d5 elementor-widget elementor-widget-spacer\" data-id=\"61c35d5\" data-element_type=\"widget\" data-widget_type=\"spacer.default\">\n\t\t\t\t\t\t\t<div class=\"elementor-spacer\">\n\t\t\t<div class=\"elementor-spacer-inner\"><\/div>\n\t\t<\/div>\n\t\t\t\t\t\t<\/div>\n\t\t\t\t\t<\/div>\n\t\t\t\t<\/div>\n\t\t<div class=\"elementor-element elementor-element-1a07e47 animated-slow e-con-full e-flex elementor-invisible e-con e-parent\" data-id=\"1a07e47\" data-element_type=\"container\" data-settings=\"{&quot;animation&quot;:&quot;fadeInDown&quot;,&quot;animation_delay&quot;:200}\">\n\t\t<div class=\"elementor-element elementor-element-ae086ea e-con-full e-flex e-con e-child\" data-id=\"ae086ea\" data-element_type=\"container\">\n\t\t<div class=\"elementor-element elementor-element-56b57bc e-con-full e-flex e-con e-child\" data-id=\"56b57bc\" data-element_type=\"container\">\n\t\t\t\t<div class=\"elementor-element elementor-element-e9443e2 elementor-widget elementor-widget-heading\" data-id=\"e9443e2\" data-element_type=\"widget\" data-widget_type=\"heading.default\">\n\t\t\t\t\t<h2 class=\"elementor-heading-title elementor-size-default\">VISI\u00d3N<\/h2>\t\t\t\t<\/div>\n\t\t\t\t<\/div>\n\t\t<div class=\"elementor-element elementor-element-dfaee8c e-con-full e-flex e-con e-child\" data-id=\"dfaee8c\" data-element_type=\"container\">\n\t\t\t\t<div class=\"elementor-element elementor-element-a32f9d2 elementor-widget elementor-widget-heading\" data-id=\"a32f9d2\" data-element_type=\"widget\" data-widget_type=\"heading.default\">\n\t\t\t\t\t<h2 class=\"elementor-heading-title elementor-size-default\">COMPROMISO Y RESPONSABILIDAD<\/h2>\t\t\t\t<\/div>\n\t\t\t\t<\/div>\n\t\t<div class=\"elementor-element elementor-element-33af7a9 e-con-full e-flex e-con e-child\" data-id=\"33af7a9\" data-element_type=\"container\">\n\t\t\t\t<div class=\"elementor-element elementor-element-232adf6 elementor-widget elementor-widget-text-editor\" data-id=\"232adf6\" data-element_type=\"widget\" data-widget_type=\"text-editor.default\">\n\t\t\t\t\t\t\t\t\t<h4 align=\"justify\"><strong><span style=\"color: #000000;\">\u00a0 Consolidarnos como una empresa referente en el sector el\u00e9ctrico y de telecomunicaciones a nivel regional y nacional, reconocida por la excelencia en la ejecuci\u00f3n de proyectos, la innovaci\u00f3n tecnol\u00f3gica aplicada y la calidad del acompa\u00f1amiento t\u00e9cnico. Aspiramos a ser la primera elecci\u00f3n de quienes buscan soluciones seguras, eficientes y profesionalmente respaldadas.<\/span><\/strong><\/h4>\t\t\t\t\t\t\t\t<\/div>\n\t\t<div class=\"elementor-element elementor-element-9c7b9b1 e-con-full e-flex e-con e-child\" data-id=\"9c7b9b1\" data-element_type=\"container\">\n\t\t\t\t<div class=\"elementor-element elementor-element-f3c2f93 elementor-arrows-position-inside elementor-pagination-position-outside elementor-widget elementor-widget-image-carousel\" data-id=\"f3c2f93\" data-element_type=\"widget\" data-settings=\"{&quot;navigation&quot;:&quot;both&quot;,&quot;autoplay&quot;:&quot;yes&quot;,&quot;pause_on_hover&quot;:&quot;yes&quot;,&quot;pause_on_interaction&quot;:&quot;yes&quot;,&quot;autoplay_speed&quot;:5000,&quot;infinite&quot;:&quot;yes&quot;,&quot;speed&quot;:500}\" data-widget_type=\"image-carousel.default\">\n\t\t\t\t\t\t\t<div class=\"elementor-image-carousel-wrapper swiper\" role=\"region\" aria-roledescription=\"carousel\" aria-label=\"Carrusel de im\u00e1genes\" dir=\"ltr\">\n\t\t\t<div class=\"elementor-image-carousel swiper-wrapper\" aria-live=\"off\">\n\t\t\t\t\t\t\t\t<div class=\"swiper-slide\" role=\"group\" aria-roledescription=\"slide\" aria-label=\"1 of 3\"><figure class=\"swiper-slide-inner\"><img decoding=\"async\" class=\"swiper-slide-image\" src=\"https:\/\/tbsenercom.com\/wp-content\/uploads\/2025\/12\/data_center_7-300x300.jpg\" alt=\"data_center_7\" \/><\/figure><\/div><div class=\"swiper-slide\" role=\"group\" aria-roledescription=\"slide\" aria-label=\"2 of 3\"><figure class=\"swiper-slide-inner\"><img decoding=\"async\" class=\"swiper-slide-image\" src=\"https:\/\/tbsenercom.com\/wp-content\/uploads\/2025\/12\/data_center_10-300x300.jpg\" alt=\"data_center_10\" \/><\/figure><\/div><div class=\"swiper-slide\" role=\"group\" aria-roledescription=\"slide\" aria-label=\"3 of 3\"><figure class=\"swiper-slide-inner\"><img decoding=\"async\" class=\"swiper-slide-image\" src=\"https:\/\/tbsenercom.com\/wp-content\/uploads\/2025\/12\/data_center_6-300x280.jpg\" alt=\"data_center_6\" \/><\/figure><\/div>\t\t\t<\/div>\n\t\t\t\t\t\t\t\t\t\t\t\t<div class=\"elementor-swiper-button elementor-swiper-button-prev\" role=\"button\" tabindex=\"0\">\n\t\t\t\t\t\t<svg aria-hidden=\"true\" class=\"e-font-icon-svg e-eicon-chevron-left\" viewbox=\"0 0 1000 1000\" xmlns=\"http:\/\/www.w3.org\/2000\/svg\"><path d=\"M646 125C629 125 613 133 604 142L308 442C296 454 292 471 292 487 292 504 296 521 308 533L604 854C617 867 629 875 646 875 663 875 679 871 692 858 704 846 713 829 713 812 713 796 708 779 692 767L438 487 692 225C700 217 708 204 708 187 708 171 704 154 692 142 675 129 663 125 646 125Z\"><\/path><\/svg>\t\t\t\t\t<\/div>\n\t\t\t\t\t<div class=\"elementor-swiper-button elementor-swiper-button-next\" role=\"button\" tabindex=\"0\">\n\t\t\t\t\t\t<svg aria-hidden=\"true\" class=\"e-font-icon-svg e-eicon-chevron-right\" viewbox=\"0 0 1000 1000\" xmlns=\"http:\/\/www.w3.org\/2000\/svg\"><path d=\"M696 533C708 521 713 504 713 487 713 471 708 454 696 446L400 146C388 133 375 125 354 125 338 125 325 129 313 142 300 154 292 171 292 187 292 204 296 221 308 233L563 492 304 771C292 783 288 800 288 817 288 833 296 850 308 863 321 871 338 875 354 875 371 875 388 867 400 854L696 533Z\"><\/path><\/svg>\t\t\t\t\t<\/div>\n\t\t\t\t\n\t\t\t\t\t\t\t\t\t<div class=\"swiper-pagination\"><\/div>\n\t\t\t\t\t\t\t\t\t<\/div>\n\t\t\t\t\t\t<\/div>\n\t\t\t\t<\/div>\n\t\t<div class=\"elementor-element elementor-element-6e66681 e-con-full e-flex e-con e-child\" data-id=\"6e66681\" data-element_type=\"container\">\n\t\t\t\t<div class=\"elementor-element elementor-element-f0fbd4f elementor-widget-mobile__width-initial elementor-widget__width-initial elementor-widget elementor-widget-progress\" data-id=\"f0fbd4f\" data-element_type=\"widget\" data-widget_type=\"progress.default\">\n\t\t\t\t\t\n\t\t<div class=\"elementor-progress-wrapper\" role=\"progressbar\" aria-valuemin=\"0\" aria-valuemax=\"100\" aria-valuenow=\"100\" aria-valuetext=\"100% (Commitment)\">\n\t\t\t<div class=\"elementor-progress-bar\" data-max=\"100\">\n\t\t\t\t<span class=\"elementor-progress-text\">Compromiso<\/span>\n\t\t\t\t\t\t\t\t\t<span class=\"elementor-progress-percentage\">100%<\/span>\n\t\t\t\t\t\t\t<\/div>\n\t\t<\/div>\n\t\t\t\t\t\t<\/div>\n\t\t\t\t<div class=\"elementor-element elementor-element-7afd62e elementor-widget-mobile__width-initial elementor-widget__width-initial elementor-widget elementor-widget-progress\" data-id=\"7afd62e\" data-element_type=\"widget\" data-widget_type=\"progress.default\">\n\t\t\t\t\t\n\t\t<div class=\"elementor-progress-wrapper\" role=\"progressbar\" aria-valuemin=\"0\" aria-valuemax=\"100\" aria-valuenow=\"100\" aria-valuetext=\"100% (Responsibility)\">\n\t\t\t<div class=\"elementor-progress-bar\" data-max=\"100\">\n\t\t\t\t<span class=\"elementor-progress-text\">Responsabilidad<\/span>\n\t\t\t\t\t\t\t\t\t<span class=\"elementor-progress-percentage\">100%<\/span>\n\t\t\t\t\t\t\t<\/div>\n\t\t<\/div>\n\t\t\t\t\t\t<\/div>\n\t\t\t\t<\/div>\n\t\t<div class=\"elementor-element elementor-element-50adc2b e-con-full e-flex e-con e-child\" data-id=\"50adc2b\" data-element_type=\"container\">\n\t\t\t\t<div class=\"elementor-element elementor-element-25ff883 elementor-widget elementor-widget-spacer\" data-id=\"25ff883\" data-element_type=\"widget\" data-widget_type=\"spacer.default\">\n\t\t\t\t\t\t\t<div class=\"elementor-spacer\">\n\t\t\t<div class=\"elementor-spacer-inner\"><\/div>\n\t\t<\/div>\n\t\t\t\t\t\t<\/div>\n\t\t\t\t<div class=\"elementor-element elementor-element-7da2fac elementor-widget__width-initial elementor-widget elementor-widget-image\" data-id=\"7da2fac\" data-element_type=\"widget\" data-widget_type=\"image.default\">\n\t\t\t\t\t\t\t\t\t\t\t\t\t\t\t<img decoding=\"async\" width=\"300\" height=\"67\" src=\"https:\/\/tbsenercom.com\/wp-content\/uploads\/2025\/11\/logo-horizontal-scaled-e1763773838817-300x67.png\" class=\"attachment-medium size-medium wp-image-540\" alt=\"\" srcset=\"https:\/\/tbsenercom.com\/wp-content\/uploads\/2025\/11\/logo-horizontal-scaled-e1763773838817-300x67.png 300w, https:\/\/tbsenercom.com\/wp-content\/uploads\/2025\/11\/logo-horizontal-scaled-e1763773838817-1024x229.png 1024w, https:\/\/tbsenercom.com\/wp-content\/uploads\/2025\/11\/logo-horizontal-scaled-e1763773838817-768x172.png 768w, https:\/\/tbsenercom.com\/wp-content\/uploads\/2025\/11\/logo-horizontal-scaled-e1763773838817-1536x344.png 1536w, https:\/\/tbsenercom.com\/wp-content\/uploads\/2025\/11\/logo-horizontal-scaled-e1763773838817-18x4.png 18w, https:\/\/tbsenercom.com\/wp-content\/uploads\/2025\/11\/logo-horizontal-scaled-e1763773838817.png 1886w\" sizes=\"(max-width: 300px) 100vw, 300px\" \/>\t\t\t\t\t\t\t\t\t\t\t\t\t\t\t<\/div>\n\t\t\t\t<div class=\"elementor-element elementor-element-5bbec76 elementor-align-center elementor-widget elementor-widget-button\" data-id=\"5bbec76\" data-element_type=\"widget\" data-widget_type=\"button.default\">\n\t\t\t\t\t\t\t\t\t\t<a class=\"elementor-button elementor-button-link elementor-size-sm\" href=\"https:\/\/tbsenercom.com\/contact-us\/\">\n\t\t\t\t\t\t<span class=\"elementor-button-content-wrapper\">\n\t\t\t\t\t\t\t\t\t<span class=\"elementor-button-text\">CONT\u00c1CTANOS<\/span>\n\t\t\t\t\t<\/span>\n\t\t\t\t\t<\/a>\n\t\t\t\t\t\t\t\t<\/div>\n\t\t\t\t<\/div>\n\t\t\t\t<\/div>\n\t\t\t\t<\/div>\n\t\t\t\t<\/div>\n\t\t<div class=\"elementor-element elementor-element-0656535 e-flex e-con-boxed e-con e-parent\" data-id=\"0656535\" data-element_type=\"container\">\n\t\t\t\t\t<div class=\"e-con-inner\">\n\t\t\t\t<div class=\"elementor-element elementor-element-7356a89 elementor-widget elementor-widget-spacer\" data-id=\"7356a89\" data-element_type=\"widget\" data-widget_type=\"spacer.default\">\n\t\t\t\t\t\t\t<div class=\"elementor-spacer\">\n\t\t\t<div class=\"elementor-spacer-inner\"><\/div>\n\t\t<\/div>\n\t\t\t\t\t\t<\/div>\n\t\t\t\t\t<\/div>\n\t\t\t\t<\/div>\n\t\t<div class=\"elementor-element elementor-element-8ea776b e-flex e-con-boxed e-con e-parent\" data-id=\"8ea776b\" data-element_type=\"container\">\n\t\t\t\t\t<div class=\"e-con-inner\">\n\t\t\t\t<div class=\"elementor-element elementor-element-79f2b77 elementor-widget elementor-widget-heading\" data-id=\"79f2b77\" data-element_type=\"widget\" data-widget_type=\"heading.default\">\n\t\t\t\t\t<h2 class=\"elementor-heading-title elementor-size-default\">VALORES<\/h2>\t\t\t\t<\/div>\n\t\t\t\t\t<\/div>\n\t\t\t\t<\/div>\n\t\t<div class=\"elementor-element elementor-element-6c3b756 e-flex e-con-boxed elementor-invisible e-con e-parent\" data-id=\"6c3b756\" data-element_type=\"container\" data-settings=\"{&quot;animation&quot;:&quot;fadeIn&quot;}\">\n\t\t\t\t\t<div class=\"e-con-inner\">\n\t\t\t\t<div class=\"elementor-element elementor-element-4a04d0c elementor-widget elementor-widget-spacer\" data-id=\"4a04d0c\" data-element_type=\"widget\" data-widget_type=\"spacer.default\">\n\t\t\t\t\t\t\t<div class=\"elementor-spacer\">\n\t\t\t<div class=\"elementor-spacer-inner\"><\/div>\n\t\t<\/div>\n\t\t\t\t\t\t<\/div>\n\t\t\t\t\t<\/div>\n\t\t\t\t<\/div>\n\t\t<div class=\"elementor-element elementor-element-4477675 e-grid e-con-full e-con e-parent\" data-id=\"4477675\" data-element_type=\"container\">\n\t\t\t\t<div class=\"elementor-element elementor-element-34cd6c9 elementor-widget__width-initial elementor-widget elementor-widget-heading\" data-id=\"34cd6c9\" data-element_type=\"widget\" data-widget_type=\"heading.default\">\n\t\t\t\t\t<h2 class=\"elementor-heading-title elementor-size-default\">SEGURIDAD Y CUMPLIMIENTO NORMATIVO<\/h2>\t\t\t\t<\/div>\n\t\t\t\t<div class=\"elementor-element elementor-element-6024956 elementor-widget elementor-widget-heading\" data-id=\"6024956\" data-element_type=\"widget\" data-widget_type=\"heading.default\">\n\t\t\t\t\t<h2 class=\"elementor-heading-title elementor-size-default\">CONFIABILIDAD T\u00c9CNICA Y OPERATIVA<\/h2>\t\t\t\t<\/div>\n\t\t\t\t<div class=\"elementor-element elementor-element-327abad elementor-widget elementor-widget-heading\" data-id=\"327abad\" data-element_type=\"widget\" data-widget_type=\"heading.default\">\n\t\t\t\t\t<h2 class=\"elementor-heading-title elementor-size-default\">TRANSPARENCIA Y RESPETO EN CADA RELACI\u00d3N<\/h2>\t\t\t\t<\/div>\n\t\t\t\t<div class=\"elementor-element elementor-element-2cc908b elementor-widget elementor-widget-text-editor\" data-id=\"2cc908b\" data-element_type=\"widget\" data-widget_type=\"text-editor.default\">\n\t\t\t\t\t\t\t\t\t<h4><strong><span style=\"color: #000000;\">\u00a0 Aplicamos protocolos certificados para proteger la infraestructura y la operaci\u00f3n.<\/span><\/strong><\/h4>\t\t\t\t\t\t\t\t<\/div>\n\t\t\t\t<div class=\"elementor-element elementor-element-9a1dc32 elementor-widget elementor-widget-text-editor\" data-id=\"9a1dc32\" data-element_type=\"widget\" data-widget_type=\"text-editor.default\">\n\t\t\t\t\t\t\t\t\t<h4><span style=\"color: #000000;\"><strong>\u00a0 Garantizamos resultados consistentes y soluciones que funcionan desde el primer d\u00eda.<\/strong><\/span><\/h4>\t\t\t\t\t\t\t\t<\/div>\n\t\t\t\t<div class=\"elementor-element elementor-element-0a67ba3 elementor-widget elementor-widget-text-editor\" data-id=\"0a67ba3\" data-element_type=\"widget\" data-widget_type=\"text-editor.default\">\n\t\t\t\t\t\t\t\t\t<h4><span style=\"color: #000000;\"><strong>\u00a0 Pol\u00edticas claras, trato profesional y comunicaci\u00f3n directa.<\/strong><\/span><\/h4>\t\t\t\t\t\t\t\t<\/div>\n\t\t\t\t<\/div>\n\t\t<div class=\"elementor-element elementor-element-8e1f1b7 e-flex e-con-boxed e-con e-parent\" data-id=\"8e1f1b7\" data-element_type=\"container\">\n\t\t\t\t\t<div class=\"e-con-inner\">\n\t\t\t\t<div class=\"elementor-element elementor-element-10a9044 elementor-widget elementor-widget-spacer\" data-id=\"10a9044\" data-element_type=\"widget\" data-widget_type=\"spacer.default\">\n\t\t\t\t\t\t\t<div class=\"elementor-spacer\">\n\t\t\t<div class=\"elementor-spacer-inner\"><\/div>\n\t\t<\/div>\n\t\t\t\t\t\t<\/div>\n\t\t\t\t\t<\/div>\n\t\t\t\t<\/div>\n\t\t<div class=\"elementor-element elementor-element-719c139 e-grid e-con-boxed e-con e-parent\" data-id=\"719c139\" data-element_type=\"container\">\n\t\t\t\t\t<div class=\"e-con-inner\">\n\t\t\t\t<div class=\"elementor-element elementor-element-69e90da elementor-widget elementor-widget-heading\" data-id=\"69e90da\" data-element_type=\"widget\" data-widget_type=\"heading.default\">\n\t\t\t\t\t<h2 class=\"elementor-heading-title elementor-size-default\">RESPONSABILIDAD Y PUNTUALIDAD<\/h2>\t\t\t\t<\/div>\n\t\t\t\t<div class=\"elementor-element elementor-element-cf5bcfd elementor-widget__width-initial elementor-widget elementor-widget-heading\" data-id=\"cf5bcfd\" data-element_type=\"widget\" data-widget_type=\"heading.default\">\n\t\t\t\t\t<h2 class=\"elementor-heading-title elementor-size-default\">CALIDAD EN EJECUCI\u00d3N Y SOPORTE<\/h2>\t\t\t\t<\/div>\n\t\t\t\t<div class=\"elementor-element elementor-element-0b25ec2 elementor-widget elementor-widget-heading\" data-id=\"0b25ec2\" data-element_type=\"widget\" data-widget_type=\"heading.default\">\n\t\t\t\t\t<h2 class=\"elementor-heading-title elementor-size-default\">INNOVACI\u00d3N Y MEJORA CONTINUA<\/h2>\t\t\t\t<\/div>\n\t\t\t\t<div class=\"elementor-element elementor-element-6d9b371 elementor-widget elementor-widget-text-editor\" data-id=\"6d9b371\" data-element_type=\"widget\" data-widget_type=\"text-editor.default\">\n\t\t\t\t\t\t\t\t\t<h4 style=\"text-align: left;\"><span style=\"color: #000000;\"><strong>\u00a0 Respetamos los tiempos, acuerdos y necesidades de cada cliente.<\/strong><\/span><\/h4>\t\t\t\t\t\t\t\t<\/div>\n\t\t\t\t<div class=\"elementor-element elementor-element-534c4e2 elementor-widget elementor-widget-text-editor\" data-id=\"534c4e2\" data-element_type=\"widget\" data-widget_type=\"text-editor.default\">\n\t\t\t\t\t\t\t\t\t<h4><span style=\"color: #000000;\"><strong>\u00a0 Realizamos trabajos con precisi\u00f3n, documentaci\u00f3n y respaldo permanente.<\/strong><\/span><\/h4>\t\t\t\t\t\t\t\t<\/div>\n\t\t\t\t<div class=\"elementor-element elementor-element-ebae0fb elementor-widget elementor-widget-text-editor\" data-id=\"ebae0fb\" data-element_type=\"widget\" data-widget_type=\"text-editor.default\">\n\t\t\t\t\t\t\t\t\t<h4><strong><span style=\"color: #000000;\">\u00a0 Tecnolog\u00edas y pr\u00e1cticas actualizadas que optimizan rendimiento y eficiencia.<\/span><\/strong><\/h4>\t\t\t\t\t\t\t\t<\/div>\n\t\t\t\t\t<\/div>\n\t\t\t\t<\/div>\n\t\t\t\t<\/div>","protected":false},"excerpt":{"rendered":"<p>MISSION WE ARE ETHICS AND COMMITMENT \u00a0 We provide comprehensive solutions in the electrical and telecommunications sectors, implemented under high standards of safety, technical quality, and compliance. Our goal is to ensure the continuity and efficiency of our clients&#8217; operations by offering reliable, transparent services focused on sustainable results over time. VISION COMMITMENT AND RESPONSIBILITY&hellip;&nbsp;<a href=\"https:\/\/tbsenercom.com\/es\/values\/\" rel=\"bookmark\"><span class=\"screen-reader-text\">Nuestros Valores<\/span><\/a><\/p>","protected":false},"author":1,"featured_media":0,"parent":0,"menu_order":0,"comment_status":"closed","ping_status":"closed","template":"","meta":{"neve_meta_sidebar":"full-width","neve_meta_container":"contained","neve_meta_enable_content_width":"on","neve_meta_content_width":100,"neve_meta_title_alignment":"center","neve_meta_author_avatar":"","neve_post_elements_order":"","neve_meta_disable_header":"","neve_meta_disable_footer":"","neve_meta_disable_title":"on","_themeisle_gutenberg_block_has_review":false,"footnotes":""},"class_list":["post-2183","page","type-page","status-publish","hentry"],"_links":{"self":[{"href":"https:\/\/tbsenercom.com\/es\/wp-json\/wp\/v2\/pages\/2183","targetHints":{"allow":["GET"]}}],"collection":[{"href":"https:\/\/tbsenercom.com\/es\/wp-json\/wp\/v2\/pages"}],"about":[{"href":"https:\/\/tbsenercom.com\/es\/wp-json\/wp\/v2\/types\/page"}],"author":[{"embeddable":true,"href":"https:\/\/tbsenercom.com\/es\/wp-json\/wp\/v2\/users\/1"}],"replies":[{"embeddable":true,"href":"https:\/\/tbsenercom.com\/es\/wp-json\/wp\/v2\/comments?post=2183"}],"version-history":[{"count":326,"href":"https:\/\/tbsenercom.com\/es\/wp-json\/wp\/v2\/pages\/2183\/revisions"}],"predecessor-version":[{"id":3517,"href":"https:\/\/tbsenercom.com\/es\/wp-json\/wp\/v2\/pages\/2183\/revisions\/3517"}],"wp:attachment":[{"href":"https:\/\/tbsenercom.com\/es\/wp-json\/wp\/v2\/media?parent=2183"}],"curies":[{"name":"wp","href":"https:\/\/api.w.org\/{rel}","templated":true}]}}