{"id":2447,"date":"2025-11-16T17:24:26","date_gmt":"2025-11-16T17:24:26","guid":{"rendered":"https:\/\/tbsenercom.com\/?page_id=2447"},"modified":"2025-12-26T16:29:10","modified_gmt":"2025-12-26T16:29:10","slug":"join-our-team","status":"publish","type":"page","link":"https:\/\/tbsenercom.com\/es\/join-our-team\/","title":{"rendered":"INGRESA A NUESTRO EQUIPO"},"content":{"rendered":"<div data-elementor-type=\"wp-page\" data-elementor-id=\"2447\" class=\"elementor elementor-2447\">\n\t\t\t\t<div class=\"elementor-element elementor-element-99d6f43 e-con-full animated-slow e-flex elementor-invisible e-con e-parent\" data-id=\"99d6f43\" data-element_type=\"container\" data-settings=\"{&quot;animation&quot;:&quot;slideInDown&quot;}\">\n\t\t<div class=\"elementor-element elementor-element-1f5db3c e-con-full e-flex e-con e-child\" data-id=\"1f5db3c\" data-element_type=\"container\">\n\t\t\t\t<div class=\"elementor-element elementor-element-92e2846 elementor-widget__width-initial animated-slow elementor-invisible elementor-widget elementor-widget-image\" data-id=\"92e2846\" data-element_type=\"widget\" data-settings=\"{&quot;_animation&quot;:&quot;slideInDown&quot;,&quot;_animation_delay&quot;:1000}\" data-widget_type=\"image.default\">\n\t\t\t\t\t\t\t\t\t\t\t\t\t\t\t<img fetchpriority=\"high\" decoding=\"async\" width=\"1024\" height=\"229\" src=\"https:\/\/tbsenercom.com\/wp-content\/uploads\/2025\/11\/logo-horizontal-scaled-e1763773838817-1024x229.png\" class=\"attachment-large size-large wp-image-540\" alt=\"\" srcset=\"https:\/\/tbsenercom.com\/wp-content\/uploads\/2025\/11\/logo-horizontal-scaled-e1763773838817-1024x229.png 1024w, https:\/\/tbsenercom.com\/wp-content\/uploads\/2025\/11\/logo-horizontal-scaled-e1763773838817-300x67.png 300w, https:\/\/tbsenercom.com\/wp-content\/uploads\/2025\/11\/logo-horizontal-scaled-e1763773838817-768x172.png 768w, https:\/\/tbsenercom.com\/wp-content\/uploads\/2025\/11\/logo-horizontal-scaled-e1763773838817-1536x344.png 1536w, https:\/\/tbsenercom.com\/wp-content\/uploads\/2025\/11\/logo-horizontal-scaled-e1763773838817-18x4.png 18w, https:\/\/tbsenercom.com\/wp-content\/uploads\/2025\/11\/logo-horizontal-scaled-e1763773838817.png 1886w\" sizes=\"(max-width: 1024px) 100vw, 1024px\" \/>\t\t\t\t\t\t\t\t\t\t\t\t\t\t\t<\/div>\n\t\t\t\t<div class=\"elementor-element elementor-element-1657f90 animated-slow elementor-invisible elementor-widget elementor-widget-heading\" data-id=\"1657f90\" data-element_type=\"widget\" data-settings=\"{&quot;_animation&quot;:&quot;slideInDown&quot;,&quot;_animation_delay&quot;:1500}\" data-widget_type=\"heading.default\">\n\t\t\t\t\t<h2 class=\"elementor-heading-title elementor-size-default\">\u00daNETE A NUESTRO EQUIPO<\/h2>\t\t\t\t<\/div>\n\t\t\t\t<\/div>\n\t\t<div class=\"elementor-element elementor-element-a3ad013 e-con-full e-flex e-con e-child\" data-id=\"a3ad013\" data-element_type=\"container\">\n\t\t\t\t<div class=\"elementor-element elementor-element-8ea313b elementor-widget elementor-widget-text-editor\" data-id=\"8ea313b\" data-element_type=\"widget\" data-widget_type=\"text-editor.default\">\n\t\t\t\t\t\t\t\t\t<h5 style=\"text-align: justify;\"><span style=\"color: #000000;\"><strong>Nuestra misi\u00f3n es impulsar la continuidad, eficiencia y seguridad operativa de nuestros clientes a trav\u00e9s de soluciones integrales en los sectores el\u00e9ctrico y de telecomunicaciones. Cada proyecto que desarrollamos refleja nuestro compromiso con la precisi\u00f3n t\u00e9cnica, la calidad, la responsabilidad y la transparencia.<\/strong><\/span><\/h5>\n<h5 style=\"text-align: justify;\"><span style=\"color: #000000;\"><strong>Hoy seguimos creciendo, y sabemos que detr\u00e1s de cada avance hay personas con talento, visi\u00f3n y pasi\u00f3n por lo que hacen.<\/strong><\/span><\/h5>\n<h5 style=\"text-align: justify;\"><span style=\"color: #000000;\"><strong>Por eso, estamos buscando profesionales que quieran formar parte de un equipo s\u00f3lido, innovador y orientado a la excelencia. Si disfrutas enfrentar retos t\u00e9cnicos, colaborar con expertos del sector y trabajar en proyectos que contribuyen al desarrollo tecnol\u00f3gico y operativo del pa\u00eds, TBS Enercom es el lugar ideal para ti.<\/strong><\/span><\/h5>\n<h5 style=\"text-align: justify;\"><span style=\"color: #000000;\"><strong>\nAqu\u00ed valoramos la experiencia, celebramos la iniciativa y fomentamos el desarrollo profesional continuo. Sabemos que el futuro se construye con conocimiento, compromiso y energ\u00eda humana<\/strong><\/span><\/h5>\n<h4><strong><span style=\"color: #dc143c;\">ACTUALMENTE ESTAMOS BUSCANDO:<\/span><\/strong><\/h4>\n<ul>\n \t<li><span style=\"color: #00008b;\"><strong><a style=\"color: #00008b;\" href=\"https:\/\/tbsenercom.com\/candidatos\/index.php\">HELPER 1 , <\/a><\/strong><a style=\"color: #00008b;\" href=\"https:\/\/tbsenercom.com\/candidatos\/index.php\">CEDAR RAPID, IOWA<\/a><\/span><\/li>\n \t<li><span style=\"color: #00008b;\"><strong><a style=\"color: #00008b;\" href=\"https:\/\/tbsenercom.com\/candidatos\/index.php\">HELPER 2 , <\/a><\/strong><a style=\"color: #00008b;\" href=\"https:\/\/tbsenercom.com\/candidatos\/index.php\">CEDAR RAPID, IOWA<\/a><\/span><\/li>\n \t<li><span style=\"color: #00008b;\"><strong><a style=\"color: #00008b;\" href=\"https:\/\/tbsenercom.com\/candidatos\/index.php\">HELPER 3 ,<\/a><\/strong> <a style=\"color: #00008b;\" href=\"https:\/\/tbsenercom.com\/candidatos\/index.php\">CEDAR RAPID, IOWA<\/a><\/span><\/li>\n \t<li><span style=\"color: #00008b;\"><strong><a style=\"color: #00008b;\" href=\"https:\/\/tbsenercom.com\/candidatos\/index.php\">HELPER 4 , <\/a><\/strong><a style=\"color: #00008b;\" href=\"https:\/\/tbsenercom.com\/candidatos\/index.php\">CEDAR RAPID, IOWA<\/a><\/span><\/li>\n \t<li><span style=\"color: #00008b;\"><strong><a style=\"color: #00008b;\" href=\"https:\/\/tbsenercom.com\/candidatos\/index.php\">JOURNEYMAN , <\/a><\/strong><a style=\"color: #00008b;\" href=\"https:\/\/tbsenercom.com\/candidatos\/index.php\">CEDAR RAPID, IOWA<\/a><\/span><\/li>\n \t<li><span style=\"color: #00008b;\"><strong><a style=\"color: #00008b;\" href=\"https:\/\/tbsenercom.com\/candidatos\/index.php\">FOREMAN , <\/a><\/strong><a style=\"color: #00008b;\" href=\"https:\/\/tbsenercom.com\/candidatos\/index.php\">CEDAR RAPID, IOWA<\/a><\/span><\/li>\n<\/ul>\t\t\t\t\t\t\t\t<\/div>\n\t\t\t\t<\/div>\n\t\t<div class=\"elementor-element elementor-element-13af18e e-con-full e-flex e-con e-child\" data-id=\"13af18e\" data-element_type=\"container\">\n\t\t\t\t<div class=\"elementor-element elementor-element-cabd66d elementor-align-center elementor-widget elementor-widget-button\" data-id=\"cabd66d\" data-element_type=\"widget\" data-widget_type=\"button.default\">\n\t\t\t\t\t\t\t\t\t\t<a class=\"elementor-button elementor-button-link elementor-size-sm\" href=\"https:\/\/tbsenercom.com\/candidatos\/index.php\">\n\t\t\t\t\t\t<span class=\"elementor-button-content-wrapper\">\n\t\t\t\t\t\t\t\t\t<span class=\"elementor-button-text\">POST\u00daLATE<\/span>\n\t\t\t\t\t<\/span>\n\t\t\t\t\t<\/a>\n\t\t\t\t\t\t\t\t<\/div>\n\t\t\t\t<\/div>\n\t\t\t\t<\/div>\n\t\t<div class=\"elementor-element elementor-element-6081f2c e-flex e-con-boxed e-con e-parent\" data-id=\"6081f2c\" data-element_type=\"container\">\n\t\t\t\t\t<div class=\"e-con-inner\">\n\t\t\t\t<div class=\"elementor-element elementor-element-6d1f5ef elementor-widget elementor-widget-spacer\" data-id=\"6d1f5ef\" data-element_type=\"widget\" data-widget_type=\"spacer.default\">\n\t\t\t\t\t\t\t<div class=\"elementor-spacer\">\n\t\t\t<div class=\"elementor-spacer-inner\"><\/div>\n\t\t<\/div>\n\t\t\t\t\t\t<\/div>\n\t\t\t\t\t<\/div>\n\t\t\t\t<\/div>\n\t\t<div class=\"elementor-element elementor-element-39cd0b7 e-con-full animated-slow e-flex elementor-invisible e-con e-parent\" data-id=\"39cd0b7\" data-element_type=\"container\" data-settings=\"{&quot;animation&quot;:&quot;slideInDown&quot;}\">\n\t\t<div class=\"elementor-element elementor-element-326fb0b e-con-full e-flex e-con e-child\" data-id=\"326fb0b\" data-element_type=\"container\">\n\t\t\t\t<div class=\"elementor-element elementor-element-440ed69 elementor-widget elementor-widget-heading\" data-id=\"440ed69\" data-element_type=\"widget\" data-widget_type=\"heading.default\">\n\t\t\t\t\t<h2 class=\"elementor-heading-title elementor-size-default\">\u00bfNECESITAS AYUDA CON ALGUNA DE NUESTRAS VACANTES?<\/h2>\t\t\t\t<\/div>\n\t\t\t\t<\/div>\n\t\t<div class=\"elementor-element elementor-element-6357097 e-con-full e-flex e-con e-child\" data-id=\"6357097\" data-element_type=\"container\">\n\t\t\t\t<div class=\"elementor-element elementor-element-9a9fb34 elementor-align-center elementor-widget elementor-widget-button\" data-id=\"9a9fb34\" data-element_type=\"widget\" data-widget_type=\"button.default\">\n\t\t\t\t\t\t\t\t\t\t<a class=\"elementor-button elementor-button-link elementor-size-sm\" href=\"https:\/\/tbsenercom.com\/contact-us\/\">\n\t\t\t\t\t\t<span class=\"elementor-button-content-wrapper\">\n\t\t\t\t\t\t\t\t\t<span class=\"elementor-button-text\">CONT\u00c1CTANOS<\/span>\n\t\t\t\t\t<\/span>\n\t\t\t\t\t<\/a>\n\t\t\t\t\t\t\t\t<\/div>\n\t\t\t\t<\/div>\n\t\t\t\t<\/div>\n\t\t\t\t<\/div>","protected":false},"excerpt":{"rendered":"<p>JOIN OUR TEAM Our mission is to drive operational continuity, efficiency, and security for our clients through comprehensive solutions in the electrical and telecommunications sectors. Every project we undertake reflects our commitment to technical precision, quality, accountability, and transparency. Today we continue to grow, and we know that behind every advance there are people with&hellip;&nbsp;<a href=\"https:\/\/tbsenercom.com\/es\/join-our-team\/\" rel=\"bookmark\"><span class=\"screen-reader-text\">INGRESA A NUESTRO EQUIPO<\/span><\/a><\/p>","protected":false},"author":1,"featured_media":0,"parent":0,"menu_order":0,"comment_status":"closed","ping_status":"closed","template":"","meta":{"neve_meta_sidebar":"full-width","neve_meta_container":"contained","neve_meta_enable_content_width":"on","neve_meta_content_width":100,"neve_meta_title_alignment":"center","neve_meta_author_avatar":"","neve_post_elements_order":"","neve_meta_disable_header":"","neve_meta_disable_footer":"","neve_meta_disable_title":"on","_themeisle_gutenberg_block_has_review":false,"footnotes":""},"class_list":["post-2447","page","type-page","status-publish","hentry"],"_links":{"self":[{"href":"https:\/\/tbsenercom.com\/es\/wp-json\/wp\/v2\/pages\/2447","targetHints":{"allow":["GET"]}}],"collection":[{"href":"https:\/\/tbsenercom.com\/es\/wp-json\/wp\/v2\/pages"}],"about":[{"href":"https:\/\/tbsenercom.com\/es\/wp-json\/wp\/v2\/types\/page"}],"author":[{"embeddable":true,"href":"https:\/\/tbsenercom.com\/es\/wp-json\/wp\/v2\/users\/1"}],"replies":[{"embeddable":true,"href":"https:\/\/tbsenercom.com\/es\/wp-json\/wp\/v2\/comments?post=2447"}],"version-history":[{"count":211,"href":"https:\/\/tbsenercom.com\/es\/wp-json\/wp\/v2\/pages\/2447\/revisions"}],"predecessor-version":[{"id":3520,"href":"https:\/\/tbsenercom.com\/es\/wp-json\/wp\/v2\/pages\/2447\/revisions\/3520"}],"wp:attachment":[{"href":"https:\/\/tbsenercom.com\/es\/wp-json\/wp\/v2\/media?parent=2447"}],"curies":[{"name":"wp","href":"https:\/\/api.w.org\/{rel}","templated":true}]}}